{"id":16653,"date":"2021-11-24T23:27:41","date_gmt":"2021-11-24T23:27:41","guid":{"rendered":"https:\/\/new.jtcarthage.tn\/?page_id=16653"},"modified":"2025-11-23T21:01:35","modified_gmt":"2025-11-23T21:01:35","slug":"hommages-posthumes","status":"publish","type":"page","link":"https:\/\/jtcarthage.tn\/en\/hommages-posthumes\/","title":{"rendered":"Hommages Posthumes"},"content":{"rendered":"<section class=\"wpb-content-wrapper\"><p>[vc_row][vc_column width=&#8221;1\/4&#8243;][vc_single_image image=&#8221;19621&#8243; img_size=&#8221;medium&#8221; alignment=&#8221;center&#8221;][\/vc_column][vc_column width=&#8221;3\/4&#8243;][vc_column_text]<strong>Slim Sanhaji<\/strong><\/p>\n<p>Slim Sanhaji began his theatre career in the mid-1970s in school theatre.\u2028 In the early 1980s, he joined the Triangle troupe led by the late Habib Chebil, first as a stagehand and later as an actor, appearing in Carnaval, which won the Grand Prize at the Carthage Theatre Days.\u2028 He went on to direct several acclaimed productions, including Safar and Sa\u2019at Hob.\u2028 He also served as Director of the Hammamet International Festival and Artistic Director of the Carthage International Festival.\u2028 In addition, he founded and managed Dar Masrahi in Bardo (Tunis), where he created numerous cultural events.[\/vc_column_text][\/vc_column][\/vc_row][vc_row][vc_column width=&#8221;1\/4&#8243;][vc_single_image image=&#8221;19625&#8243; img_size=&#8221;medium&#8221; alignment=&#8221;center&#8221;][\/vc_column][vc_column width=&#8221;3\/4&#8243;][vc_column_text]<strong>Fathi Akkari<\/strong><\/p>\n<p>A graduate of the Tunis Drama Centre, Fathi Akkari continued his academic studies in Paris before returning to Tunisia to teach at the Higher Institute of Dramatic Arts, following the completion of his PhD.<br \/>\nHe was one of the founders of organic theatre in the early 1980s and a pioneer of \u201chome theatre\u201d experimentation.<br \/>\nSpecialized in actor training, he was widely recognized for his theory of alternative theatre and the concept of the actor-researcher.<br \/>\nHis most notable stage works include <em>Zenous<\/em>, <em>Makata<\/em>, and more recently <em>Et si<\/em>.<br \/>\nHe is also the author of <em>The Kamikaze Actor and the Impossible Theatre<\/em>, a synthesis of his artistic and theoretical research.<\/p>\n<p>&nbsp;[\/vc_column_text][\/vc_column][\/vc_row][vc_row][vc_column width=&#8221;1\/4&#8243;][vc_single_image image=&#8221;19628&#8243; img_size=&#8221;medium&#8221; alignment=&#8221;center&#8221;][\/vc_column][vc_column width=&#8221;3\/4&#8243;][vc_column_text]<strong>Ali Khemiri<\/strong><\/p>\n<p>A key figure in the Tunisian artistic scene, Ali Khemiri is an actor, director, and theater educator. He graduated from the Centre d\u2019Art Dramatique de Tunis (now the Higher Institute of Dramatic Arts, ISAD).<br \/>\nHe has taught theater in various high schools across Jendouba and Kasserine, as well as at the School of Theatre Professions under the Centre Dramatique et Sc\u00e9nique du Kef. Between 1985 and 1990, he directed the Professional Theatre Troupe of Jendouba, creating notable productions such as Bayna al-Horouf (Between the Letters), El Kamiyouna (The Truck), and Al-Sakhra (The Rock).<br \/>\nAlongside his theatrical work, Khemiri has appeared in numerous television and film productions that have left a strong impression on Tunisian audiences.<\/p>\n<p>&nbsp;<\/p>\n<p>&nbsp;[\/vc_column_text][\/vc_column][\/vc_row][vc_row][vc_column width=&#8221;1\/4&#8243;][vc_single_image image=&#8221;19641&#8243; img_size=&#8221;medium&#8221; alignment=&#8221;center&#8221;][\/vc_column][vc_column width=&#8221;3\/4&#8243;][vc_column_text]<strong>Lazhari Sebei<\/strong><\/p>\n<p>Born in 1946 in Kef, Lazhari Sebei began his career performing in school theatre productions before joining, in 1971, the permanent troupe of Kef, then led by Moncef Souissi. He contributed to many of the troupe\u2019s productions, including <em>Houki wa Hra\u00efri<\/em>, <em>Women at Risk<\/em>, <em>The Good Ones<\/em>, <em>Zir Salem<\/em>, and <em>Rachmon<\/em>.<\/p>\n<p>His popularity grew thanks to his participation in several television series, particularly the trilogy directed by Noureddine Chouchane: <em>Al-Fakh<\/em>, <em>Al-Marhoum<\/em>, and <em>Al-Awda<\/em>. He also appeared in series such as <em>Awdat El-Minyar<\/em>, <em>Gamrat Sidi Mahrous<\/em>, <em>Douroub El-Mouwajaha<\/em>, and <em>Shar\u2019aa El-Hob<\/em>. He is recognized as one of the key figures of the permanent troupe of Kef, especially during its golden years.<\/p>\n<p><strong>\u00a0<\/strong>[\/vc_column_text][\/vc_column][\/vc_row][vc_row][vc_column width=&#8221;1\/4&#8243;][vc_single_image image=&#8221;19631&#8243; img_size=&#8221;medium&#8221; alignment=&#8221;center&#8221;][\/vc_column][vc_column width=&#8221;3\/4&#8243;][vc_column_text]<strong>H\u00e9di Bouma\u00efza<\/strong><\/p>\n<p>Born on September 10, 1948, in Kasserine, H\u00e9di Bouma\u00efza began his theatrical career within the association Al-Sanabel (\u201cThe Ears of Wheat\u201d). In 1967, he joined the Professional Troupe of Kasserine, directed by Moncef Souissi, where he worked as an actor, stage manager, and general manager until 1975.<\/p>\n<p>After a stint with the Municipal Theatre Troupe of Tunis (1976\u20131980), he returned to Kasserine between 1980 and 1984, before joining the Tunisian National Theatre (TNT), where he remained until his retirement in 2008.<\/p>\n<p>Throughout his long and rich career, Bouma\u00efza contributed to some of the most memorable works in Tunisian theater, including Hamlet, El Hani Bouderbala, Sidi Nadhem, and Rajel wa Mara (A Man and a Woman).<\/p>\n<p>&nbsp;[\/vc_column_text][\/vc_column][\/vc_row][vc_row][vc_column width=&#8221;1\/4&#8243;][vc_single_image image=&#8221;19634&#8243; img_size=&#8221;medium&#8221; alignment=&#8221;center&#8221;][\/vc_column][vc_column width=&#8221;3\/4&#8243;][vc_column_text]<strong>Leila Razgui<\/strong><\/p>\n<p>Born in 1960 in Tunis, Leila Razgui began her theatre career in 1977 within school and amateur associations.\u2028 She started with the Al Zaitouna Theatre Association, performing in plays such as The Tempest, Al-Zardab, and The Women\u2019s Plot.\u2028 She also performed with Al Taliaa Theatre in Sleeping Beauty, with the Tunis Municipal Theatre Company in The Maids and Richard III, and with various private companies in productions like The Gypsies, Our Life Is a Song, and The Singles, as well as several plays for children, teenagers, and adults.[\/vc_column_text][\/vc_column][\/vc_row][vc_row][vc_column width=&#8221;1\/4&#8243;][vc_single_image image=&#8221;19647&#8243; img_size=&#8221;medium&#8221; alignment=&#8221;center&#8221;][\/vc_column][vc_column width=&#8221;3\/4&#8243;][vc_column_text]<strong>Latefa Ahrrare (Morocco)<\/strong><\/p>\n<p>She is one of the most prominent female figures on the Moroccan theatre scene and is currently the Director of the Higher Institute of Dramatic Art and Cultural Animation in Rabat (Morocco). President of the Moroccan section of the International Theatre Institute (ITI), she was elected in September 2023 as a member of the Executive Board of the International Theatre Institute under UNESCO.<br \/>\nAmong her works as a playwright, actress, and director are <em>Kafar Naoum<\/em>, <em>1,2,3<\/em>, and <em>Don Kichouch<\/em>.<br \/>\nHolding a PhD in documentary theatre and cin\u00e9ma du r\u00e9el from Abdelmalek Essa\u00e2di University in Tetouan, she is also known for her award-winning documentary films.<\/p>\n<p>&nbsp;[\/vc_column_text][\/vc_column][\/vc_row][vc_row][vc_column width=&#8221;1\/4&#8243;][vc_single_image image=&#8221;19644&#8243; img_size=&#8221;medium&#8221; alignment=&#8221;center&#8221;][\/vc_column][vc_column width=&#8221;3\/4&#8243;][vc_column_text]<strong>Abdramane Kamat\u00e9<\/strong><\/p>\n<p>Born in Abidjan, C\u00f4te d\u2019Ivoire, Abdramane Kamat\u00e9 is a graduate of the Sorbonne University, where he earned dual degrees in cultural strategies and industries as well as in political science. A recognized specialist in the arts and cultural exchanges in Africa, he has served since 2023 as the Director General of MASA, the Abidjan Performing Arts Market.<\/p>\n<p>He previously worked as Director of Programming at the Institut fran\u00e7ais in Paris, as cultural attach\u00e9 and Director of the Institut fran\u00e7ais in Jakarta, and as Executive Director of the Institut fran\u00e7ais in Chad and C\u00f4te d\u2019Ivoire. He has also taught at the Higher Institute of Arts and Culture, strengthening an expertise widely acknowledged across the African continent.<\/p>\n<p><strong>\u00a0<\/strong>[\/vc_column_text][\/vc_column][\/vc_row][vc_row][vc_column width=&#8221;1\/4&#8243;][vc_single_image image=&#8221;19650&#8243; img_size=&#8221;medium&#8221; alignment=&#8221;center&#8221;][\/vc_column][vc_column width=&#8221;3\/4&#8243;][vc_column_text]<strong>Imed Mohsen Al-Shanfari<\/strong><\/p>\n<p>Imed Mohsen Al-Shanfari is one of the pioneers of the theatrical movement in the Sultanate of Oman and a key figure in Gulf theater, with more than forty plays to his credit and over thirty productions directed. Most of his works have been recognized with awards both in Oman and across the Gulf region.<br \/>\nHe is also the author of several publications combining criticism, theory, and creative writing, including Theatrical Projections Between Tragedy and Comedy, Texts of Omani Theater, and Under the Shadows of the Great House.<br \/>\nSince 2024, he has served as President of the Omani Theatre Association. He also headed the UNESCO International Theatre Organization Office in Oman and has been honored at numerous international festivals. He holds an honorary doctorate in directing.[\/vc_column_text][\/vc_column][\/vc_row]<\/p>\n<\/section>","protected":false},"excerpt":{"rendered":"<p>[vc_row][vc_column width=&#8221;1\/4&#8243;][vc_single_image image=&#8221;19621&#8243; img_size=&#8221;medium&#8221; alignment=&#8221;center&#8221;][\/vc_column][vc_column width=&#8221;3\/4&#8243;][vc_column_text]Slim Sanhaji Slim Sanhaji began his theatre career in the mid-1970s in school theatre.\u2028 In the early 1980s, he joined the Triangle troupe led by the late Habib Chebil, first as a stagehand and later as an actor, appearing in Carnaval, which won the Grand Prize at the Carthage Theatre [&hellip;]<\/p>\n","protected":false},"author":1,"featured_media":0,"parent":0,"menu_order":0,"comment_status":"closed","ping_status":"closed","template":"","meta":{"footnotes":""},"_links":{"self":[{"href":"https:\/\/jtcarthage.tn\/en\/wp-json\/wp\/v2\/pages\/16653"}],"collection":[{"href":"https:\/\/jtcarthage.tn\/en\/wp-json\/wp\/v2\/pages"}],"about":[{"href":"https:\/\/jtcarthage.tn\/en\/wp-json\/wp\/v2\/types\/page"}],"author":[{"embeddable":true,"href":"https:\/\/jtcarthage.tn\/en\/wp-json\/wp\/v2\/users\/1"}],"replies":[{"embeddable":true,"href":"https:\/\/jtcarthage.tn\/en\/wp-json\/wp\/v2\/comments?post=16653"}],"version-history":[{"count":7,"href":"https:\/\/jtcarthage.tn\/en\/wp-json\/wp\/v2\/pages\/16653\/revisions"}],"predecessor-version":[{"id":19654,"href":"https:\/\/jtcarthage.tn\/en\/wp-json\/wp\/v2\/pages\/16653\/revisions\/19654"}],"wp:attachment":[{"href":"https:\/\/jtcarthage.tn\/en\/wp-json\/wp\/v2\/media?parent=16653"}],"curies":[{"name":"wp","href":"https:\/\/api.w.org\/{rel}","templated":true}]}}